{"id":2325,"date":"2020-05-22T16:00:43","date_gmt":"2020-05-22T14:00:43","guid":{"rendered":"https:\/\/www.treemania.eu\/impressum\/"},"modified":"2021-11-29T10:14:48","modified_gmt":"2021-11-29T09:14:48","slug":"colofon","status":"publish","type":"page","link":"https:\/\/www.treemania.eu\/nl\/colofon\/","title":{"rendered":"Colofon"},"content":{"rendered":"\r\n<h2>Colofon<\/h2>\r\n\r\n\r\n\r\n<h3>Adressen en contactgegevens<\/h3>\r\n\r\n\r\n\r\n<h3><strong>Informatie volgens \u00a7 5 TMG<strong>:<\/strong><\/strong><\/h3>\r\n\r\n\r\n\r\n<p><strong>Interessengemeinschaft Grenz\u00fcberschreitende<\/strong><br><strong>Integrierte Qualit\u00e4tssicherung (GIQS) e.V.<\/strong><br>Boschstra\u00dfe 16<br>D-47533 Kleve<\/p>\r\n\r\n\r\n\r\n<p>telefoon: +49 2226 871030<br>e-mail: <a href=\"mailto:info@giqs.org\">info@giqs.org<\/a><\/p>\r\n\r\n\r\n\r\n<h4>Bestuurskantoor<\/h4>\r\n\r\n\r\n\r\n<p>Marie-Curie-Stra\u00dfe 3<br>D-53359 Rheinbach<\/p>\r\n\r\n\r\n\r\n<h3>Gezamenlijk bevoegd om te vertegenwoordigen:<\/h3>\r\n\r\n\r\n\r\n<h4>Voorzitter<\/h4>\r\n\r\n\r\n\r\n<p><strong>Dr. Oliver Breuer<\/strong><br>Marie-Curie-Stra\u00dfe 3<br>D-53359 Rheinbach<br>telefon: +49 1515 2424711<br>e-mail: <a href=\"mailto:o.breuer@giqs.org\">o.breuer@giqs.org<\/a><\/p>\r\n\r\n\r\n\r\n<h4>Plaatsvervanger<\/h4>\r\n\r\n\r\n\r\n<p><strong>Dr. Tim M\u00e4kelburg<br><\/strong>Marie-Curie-Stra\u00dfe 3<br>D-53359 Rheinbach<br>telefon: +49 179 1105976<br>e-mail: <a href=\"mailto:t.maekelburg@giqs.org\">t.maekelburg@giqs.org<\/a><\/p>\r\n\r\n\r\n\r\n<h3>Raad van toezicht<\/h3>\r\n\r\n\r\n\r\n<p>Prof. Dr. Brigitte Petersen, Dr. Helmut W. Saatkamp, Johan Zandbergen<\/p>\r\n\r\n\r\n\r\n<h3>Registratie en belastingkantoor<\/h3>\r\n\r\n\r\n\r\n<p>Kantongerecht Kleve<br>Registratienummer: VR 1079<\/p>\r\n\r\n\r\n\r\n<p>Belastingdienst: St. Augustin<\/p>\r\n\r\n\r\n\r\n<h3>Verantwoordelijk in de zin van \u00a7 55 Abs. 2 RStV<\/h3>\r\n\r\n\r\n\r\n<p><strong>Dr. Oliver Breuer<\/strong><br>Marie-Curie-Stra\u00dfe 3<br>D-53359 Rheinbach<\/p>\r\n\r\n\r\n\r\n<h3>K<strong>antoren<\/strong><\/h3>\r\n\r\n\r\n\r\n<h4><strong>Kleve<\/strong><\/h4>\r\n\r\n\r\n\r\n<p>GIQS e.V.<br>Boschstra\u00dfe 16<br>D-47533 Kleve<\/p>\r\n\r\n\r\n\r\n<h4><strong>Gronau<\/strong><\/h4>\r\n\r\n\r\n\r\n<p>GIQS e.V.<br>Enscheder Stra\u00dfe 362<br>D-48599 Gronau<\/p>\r\n\r\n\r\n\r\n<h4><strong>Spiekeroog<\/strong><\/h4>\r\n\r\n\r\n\r\n<p>GIQS e.V.<br>Noorderpad 12a<br>D-26474 Spiekeroog<\/p>\r\n\r\n\r\n\r\n<h5>Fotocredits<\/h5>\r\n\r\n\r\n\r\n<p>Op deze website worden foto\u2019s van de diensten <a href=\"http:\/\/www.fotolia.de\/\" target=\"_blank\" rel=\"noreferrer noopener\">Fotolia<\/a>\/<a href=\"https:\/\/stock.adobe.com\" target=\"_blank\" rel=\"noreferrer noopener\">Adobe Stock<\/a>, <a href=\"http:\/\/www.pixelio.de\/\" target=\"_blank\" rel=\"noreferrer noopener\">Pixelio<\/a>, <a href=\"https:\/\/pixabay.com\" target=\"_blank\" rel=\"noreferrer noopener\">Pixabay<\/a>, <a href=\"https:\/\/www.pexels.com\" target=\"_blank\" rel=\"noreferrer noopener\">Pexels<\/a> en <a href=\"https:\/\/unsplash.com\/\" target=\"_blank\" rel=\"noreferrer noopener\">Unsplash<\/a> gebruikt.<\/p>\r\n\r\n\r\n\r\n<h5>Disclaimer<\/h5>\r\n\r\n\r\n\r\n<p>De links op deze pagina\u2019s naar de inhoud van websites van derden (\u201cinhoud van derden\u201d) zijn naar beste weten en met de grootst mogelijke zorgvuldigheid door GIQS gemaakt en geven alleen toegang tot \u201cinhoud van derden\u201d.<\/p>\r\n\r\n\r\n\r\n<p>GIQS heeft geen invloed op de \u201cexterne inhoud\u201d van gelinkte websites van derden en kan hiervoor geen aansprakelijkheid aanvaarden. Voor de inhoud van de gelinkte pagina\u2019s is uitsluitend de desbetreffende aanbieder of exploitant van de pagina\u2019s verantwoordelijk. Zodra wij op de hoogte zijn van eventuele juridische inbreuken, zullen wij dergelijke links onmiddellijk verwijderen.<\/p>\r\n\r\n\r\n\r\n<p>Alle binnen het internetaanbod genoemde en eventueel door derden beschermde merken en handelsmerken zijn zonder enige beperking onderworpen aan de bepalingen van het geldende merkenrecht en de eigendomsrechten van de betreffende geregistreerde eigenaars. Het enkele feit dat een merk wordt genoemd, mag niet leiden tot de conclusie dat het niet beschermd is door de rechten van derden!<\/p>\r\n\r\n\r\n\r\n<p>Het auteursrecht voor door GIQS e.V. zelf gemaakte objecten ligt bij GIQS. Verveelvoudiging of gebruik van objecten zoals diagrammen, geluiden of teksten in andere elektronische of gedrukte publicaties is zonder toestemming van GIQS e.V. niet toegestaan.<\/p>\r\n\r\n\r\n\r\n<h5>Meld een fout<\/h5>\r\n\r\n\r\n\r\n<p>Indien u onvolkomenheden en\/of fouten ontdekt, stellen wij het op prijs als u ons hiervan per e-mail op de hoogte brengt via <a href=\"mailto:info@giqs.org\">info@giqs.org<\/a>.<\/p>\r\n<div class=\"shariff shariff-align-flex-start shariff-widget-align-flex-start\"><ul class=\"shariff-buttons theme-default wcag_colors orientation-horizontal buttonsize-medium\"><li class=\"shariff-button linkedin\" style=\"background-color:#492F06\"><a href=\"https:\/\/www.linkedin.com\/shareArticle?mini=true&url=https%3A%2F%2Fwww.treemania.eu%2Fnl%2Fcolofon%2F&title=Colofon\" title=\"Bei LinkedIn teilen\" aria-label=\"Bei LinkedIn teilen\" role=\"button\" rel=\"noopener nofollow\" class=\"shariff-link\" style=\"; background-color:#6ca043; color:#fff\" target=\"_blank\"><span class=\"shariff-icon\" style=\"\"><svg width=\"32px\" height=\"20px\" xmlns=\"http:\/\/www.w3.org\/2000\/svg\" viewBox=\"0 0 27 32\"><path fill=\"#0077b5\" d=\"M6.2 11.2v17.7h-5.9v-17.7h5.9zM6.6 5.7q0 1.3-0.9 2.2t-2.4 0.9h0q-1.5 0-2.4-0.9t-0.9-2.2 0.9-2.2 2.4-0.9 2.4 0.9 0.9 2.2zM27.4 18.7v10.1h-5.9v-9.5q0-1.9-0.7-2.9t-2.3-1.1q-1.1 0-1.9 0.6t-1.2 1.5q-0.2 0.5-0.2 1.4v9.9h-5.9q0-7.1 0-11.6t0-5.3l0-0.9h5.9v2.6h0q0.4-0.6 0.7-1t1-0.9 1.6-0.8 2-0.3q3 0 4.9 2t1.9 6z\"\/><\/svg><\/span><span class=\"shariff-text\">mitteilen<\/span>&nbsp;<\/a><\/li><li class=\"shariff-button xing\" style=\"background-color:#492F06\"><a href=\"https:\/\/www.xing.com\/spi\/shares\/new?url=https%3A%2F%2Fwww.treemania.eu%2Fnl%2Fcolofon%2F\" title=\"Bei XING teilen\" aria-label=\"Bei XING teilen\" role=\"button\" rel=\"noopener nofollow\" class=\"shariff-link\" style=\"; background-color:#6ca043; color:#fff\" target=\"_blank\"><span class=\"shariff-icon\" style=\"\"><svg width=\"32px\" height=\"20px\" xmlns=\"http:\/\/www.w3.org\/2000\/svg\" viewBox=\"0 0 25 32\"><path fill=\"#126567\" d=\"M10.7 11.9q-0.2 0.3-4.6 8.2-0.5 0.8-1.2 0.8h-4.3q-0.4 0-0.5-0.3t0-0.6l4.5-8q0 0 0 0l-2.9-5q-0.2-0.4 0-0.7 0.2-0.3 0.5-0.3h4.3q0.7 0 1.2 0.8zM25.1 0.4q0.2 0.3 0 0.7l-9.4 16.7 6 11q0.2 0.4 0 0.6-0.2 0.3-0.6 0.3h-4.3q-0.7 0-1.2-0.8l-6-11.1q0.3-0.6 9.5-16.8 0.4-0.8 1.2-0.8h4.3q0.4 0 0.5 0.3z\"\/><\/svg><\/span><span class=\"shariff-text\">teilen<\/span>&nbsp;<\/a><\/li><li class=\"shariff-button twitter\" style=\"background-color:#492F06\"><a href=\"https:\/\/twitter.com\/share?url=https%3A%2F%2Fwww.treemania.eu%2Fnl%2Fcolofon%2F&text=Colofon\" title=\"Bei Twitter teilen\" aria-label=\"Bei Twitter teilen\" role=\"button\" rel=\"noopener nofollow\" class=\"shariff-link\" style=\"; background-color:#6ca043; color:#fff\" target=\"_blank\"><span class=\"shariff-icon\" style=\"\"><svg width=\"32px\" height=\"20px\" xmlns=\"http:\/\/www.w3.org\/2000\/svg\" viewBox=\"0 0 30 32\"><path fill=\"#55acee\" d=\"M29.7 6.8q-1.2 1.8-3 3.1 0 0.3 0 0.8 0 2.5-0.7 4.9t-2.2 4.7-3.5 4-4.9 2.8-6.1 1q-5.1 0-9.3-2.7 0.6 0.1 1.5 0.1 4.3 0 7.6-2.6-2-0.1-3.5-1.2t-2.2-3q0.6 0.1 1.1 0.1 0.8 0 1.6-0.2-2.1-0.4-3.5-2.1t-1.4-3.9v-0.1q1.3 0.7 2.8 0.8-1.2-0.8-2-2.2t-0.7-2.9q0-1.7 0.8-3.1 2.3 2.8 5.5 4.5t7 1.9q-0.2-0.7-0.2-1.4 0-2.5 1.8-4.3t4.3-1.8q2.7 0 4.5 1.9 2.1-0.4 3.9-1.5-0.7 2.2-2.7 3.4 1.8-0.2 3.5-0.9z\"\/><\/svg><\/span><span class=\"shariff-text\">twittern<\/span>&nbsp;<\/a><\/li><li class=\"shariff-button telegram\" style=\"background-color:#492F06\"><a href=\"https:\/\/telegram.me\/share\/url?url=https%3A%2F%2Fwww.treemania.eu%2Fnl%2Fcolofon%2F&text=Colofon\" title=\"Bei Telegram teilen\" aria-label=\"Bei Telegram teilen\" role=\"button\" rel=\"noopener nofollow\" class=\"shariff-link\" style=\"; background-color:#6ca043; color:#fff\" target=\"_blank\"><span class=\"shariff-icon\" style=\"\"><svg width=\"32px\" height=\"20px\" xmlns=\"http:\/\/www.w3.org\/2000\/svg\" viewBox=\"0 0 32 32\"><path fill=\"#0088cc\" d=\"M30.8 6.5l-4.5 21.4c-.3 1.5-1.2 1.9-2.5 1.2L16.9 24l-3.3 3.2c-.4.4-.7.7-1.4.7l.5-7L25.5 9.2c.6-.5-.1-.8-.9-.3l-15.8 10L2 16.7c-1.5-.5-1.5-1.5.3-2.2L28.9 4.3c1.3-.5 2.3.3 1.9 2.2z\"\/><\/svg><\/span><span class=\"shariff-text\">teilen<\/span>&nbsp;<\/a><\/li><li class=\"shariff-button threema shariff-mobile\" style=\"background-color:#492F06\"><a href=\"threema:\/\/compose?text=Colofon%20https%3A%2F%2Fwww.treemania.eu%2Fnl%2Fcolofon%2F\" title=\"Bei Threema teilen\" aria-label=\"Bei Threema teilen\" role=\"button\" rel=\"noopener nofollow\" class=\"shariff-link\" style=\"; background-color:#6ca043; color:#fff\" target=\"_blank\"><span class=\"shariff-icon\" style=\"\"><svg width=\"32px\" height=\"20px\" xmlns=\"http:\/\/www.w3.org\/2000\/svg\" viewBox=\"0 0 32 32\"><path fill=\"#1f1f1f\" d=\"M30.8 10.9c-0.3-1.4-0.9-2.6-1.8-3.8-2-2.6-5.5-4.5-9.4-5.2-1.3-0.2-1.9-0.3-3.5-0.3s-2.2 0-3.5 0.3c-4 0.7-7.4 2.6-9.4 5.2-0.9 1.2-1.5 2.4-1.8 3.8-0.1 0.5-0.2 1.2-0.2 1.6 0 0.4 0.1 1.1 0.2 1.6 0.4 1.9 1.3 3.4 2.9 5 0.8 0.8 0.8 0.8 0.7 1.3 0 0.6-0.5 1.6-1.7 3.6-0.3 0.5-0.5 0.9-0.5 0.9 0 0.1 0.1 0.1 0.5 0 0.8-0.2 2.3-0.6 5.6-1.6 1.1-0.3 1.3-0.4 2.3-0.4 0.8 0 1.1 0 2.3 0.2 1.5 0.2 3.5 0.2 4.9 0 5.1-0.6 9.3-2.9 11.4-6.3 0.5-0.9 0.9-1.8 1.1-2.8 0.1-0.5 0.2-1.1 0.2-1.6 0-0.7-0.1-1.1-0.2-1.6-0.3-1.4 0.1 0.5 0 0zM20.6 17.3c0 0.4-0.4 0.8-0.8 0.8h-7.7c-0.4 0-0.8-0.4-0.8-0.8v-4.6c0-0.4 0.4-0.8 0.8-0.8h0.2l0-1.6c0-0.9 0-1.8 0.1-2 0.1-0.6 0.6-1.2 1.1-1.7s1.1-0.7 1.9-0.8c1.8-0.3 3.7 0.7 4.2 2.2 0.1 0.3 0.1 0.7 0.1 2.1v0 1.7h0.1c0.4 0 0.8 0.4 0.8 0.8v4.6zM15.6 7.3c-0.5 0.1-0.8 0.3-1.2 0.6s-0.6 0.8-0.7 1.3c0 0.2 0 0.8 0 1.5l0 1.2h4.6v-1.3c0-1 0-1.4-0.1-1.6-0.3-1.1-1.5-1.9-2.6-1.7zM25.8 28.2c0 1.2-1 2.2-2.1 2.2s-2.1-1-2.1-2.1c0-1.2 1-2.1 2.2-2.1s2.2 1 2.2 2.2zM18.1 28.2c0 1.2-1 2.2-2.1 2.2s-2.1-1-2.1-2.1c0-1.2 1-2.1 2.2-2.1s2.2 1 2.2 2.2zM10.4 28.2c0 1.2-1 2.2-2.1 2.2s-2.1-1-2.1-2.1c0-1.2 1-2.1 2.2-2.1s2.2 1 2.2 2.2z\"\/><\/svg><\/span><span class=\"shariff-text\">teilen<\/span>&nbsp;<\/a><\/li><li class=\"shariff-button whatsapp\" style=\"background-color:#492F06\"><a href=\"https:\/\/api.whatsapp.com\/send?text=https%3A%2F%2Fwww.treemania.eu%2Fnl%2Fcolofon%2F%20Colofon\" title=\"Bei Whatsapp teilen\" aria-label=\"Bei Whatsapp teilen\" role=\"button\" rel=\"noopener nofollow\" class=\"shariff-link\" style=\"; background-color:#6ca043; color:#fff\" target=\"_blank\"><span class=\"shariff-icon\" style=\"\"><svg width=\"32px\" height=\"20px\" xmlns=\"http:\/\/www.w3.org\/2000\/svg\" viewBox=\"0 0 32 32\"><path fill=\"#34af23\" d=\"M17.6 17.4q0.2 0 1.7 0.8t1.6 0.9q0 0.1 0 0.3 0 0.6-0.3 1.4-0.3 0.7-1.3 1.2t-1.8 0.5q-1 0-3.4-1.1-1.7-0.8-3-2.1t-2.6-3.3q-1.3-1.9-1.3-3.5v-0.1q0.1-1.6 1.3-2.8 0.4-0.4 0.9-0.4 0.1 0 0.3 0t0.3 0q0.3 0 0.5 0.1t0.3 0.5q0.1 0.4 0.6 1.6t0.4 1.3q0 0.4-0.6 1t-0.6 0.8q0 0.1 0.1 0.3 0.6 1.3 1.8 2.4 1 0.9 2.7 1.8 0.2 0.1 0.4 0.1 0.3 0 1-0.9t0.9-0.9zM14 26.9q2.3 0 4.3-0.9t3.6-2.4 2.4-3.6 0.9-4.3-0.9-4.3-2.4-3.6-3.6-2.4-4.3-0.9-4.3 0.9-3.6 2.4-2.4 3.6-0.9 4.3q0 3.6 2.1 6.6l-1.4 4.2 4.3-1.4q2.8 1.9 6.2 1.9zM14 2.2q2.7 0 5.2 1.1t4.3 2.9 2.9 4.3 1.1 5.2-1.1 5.2-2.9 4.3-4.3 2.9-5.2 1.1q-3.5 0-6.5-1.7l-7.4 2.4 2.4-7.2q-1.9-3.2-1.9-6.9 0-2.7 1.1-5.2t2.9-4.3 4.3-2.9 5.2-1.1z\"\/><\/svg><\/span><span class=\"shariff-text\">teilen<\/span>&nbsp;<\/a><\/li><li class=\"shariff-button mailto\" style=\"background-color:#492F06\"><a href=\"mailto:?body=https%3A%2F%2Fwww.treemania.eu%2Fnl%2Fcolofon%2F&subject=Colofon\" title=\"Per E-Mail versenden\" aria-label=\"Per E-Mail versenden\" role=\"button\" rel=\"noopener nofollow\" class=\"shariff-link\" style=\"; background-color:#6ca043; color:#fff\"><span class=\"shariff-icon\" style=\"\"><svg width=\"32px\" height=\"20px\" xmlns=\"http:\/\/www.w3.org\/2000\/svg\" viewBox=\"0 0 32 32\"><path fill=\"#999\" d=\"M32 12.7v14.2q0 1.2-0.8 2t-2 0.9h-26.3q-1.2 0-2-0.9t-0.8-2v-14.2q0.8 0.9 1.8 1.6 6.5 4.4 8.9 6.1 1 0.8 1.6 1.2t1.7 0.9 2 0.4h0.1q0.9 0 2-0.4t1.7-0.9 1.6-1.2q3-2.2 8.9-6.1 1-0.7 1.8-1.6zM32 7.4q0 1.4-0.9 2.7t-2.2 2.2q-6.7 4.7-8.4 5.8-0.2 0.1-0.7 0.5t-1 0.7-0.9 0.6-1.1 0.5-0.9 0.2h-0.1q-0.4 0-0.9-0.2t-1.1-0.5-0.9-0.6-1-0.7-0.7-0.5q-1.6-1.1-4.7-3.2t-3.6-2.6q-1.1-0.7-2.1-2t-1-2.5q0-1.4 0.7-2.3t2.1-0.9h26.3q1.2 0 2 0.8t0.9 2z\"\/><\/svg><\/span><span class=\"shariff-text\">E-Mail<\/span>&nbsp;<\/a><\/li><\/ul><\/div>","protected":false},"excerpt":{"rendered":"<p>Colofon Adressen en contactgegevens Informatie volgens \u00a7 5 TMG: Interessengemeinschaft Grenz\u00fcberschreitendeIntegrierte Qualit\u00e4tssicherung (GIQS) e.V.Boschstra\u00dfe 16D-47533 Kleve telefoon: +49 2226 871030e-mail: info@giqs.org Bestuurskantoor Marie-Curie-Stra\u00dfe 3D-53359 Rheinbach Gezamenlijk bevoegd om te vertegenwoordigen: Voorzitter Dr. Oliver BreuerMarie-Curie-Stra\u00dfe 3D-53359 Rheinbachtelefon: +49 1515 2424711e-mail: o.breuer@giqs.org Plaatsvervanger Dr. Tim M\u00e4kelburgMarie-Curie-Stra\u00dfe 3D-53359 Rheinbachtelefon: +49 179 1105976e-mail: t.maekelburg@giqs.org Raad van toezicht Prof. Dr. [&hellip;]<\/p>\n","protected":false},"author":1,"featured_media":0,"parent":0,"menu_order":0,"comment_status":"closed","ping_status":"closed","template":"","meta":{"ngg_post_thumbnail":0},"_links":{"self":[{"href":"https:\/\/www.treemania.eu\/nl\/wp-json\/wp\/v2\/pages\/2325"}],"collection":[{"href":"https:\/\/www.treemania.eu\/nl\/wp-json\/wp\/v2\/pages"}],"about":[{"href":"https:\/\/www.treemania.eu\/nl\/wp-json\/wp\/v2\/types\/page"}],"author":[{"embeddable":true,"href":"https:\/\/www.treemania.eu\/nl\/wp-json\/wp\/v2\/users\/1"}],"replies":[{"embeddable":true,"href":"https:\/\/www.treemania.eu\/nl\/wp-json\/wp\/v2\/comments?post=2325"}],"version-history":[{"count":3,"href":"https:\/\/www.treemania.eu\/nl\/wp-json\/wp\/v2\/pages\/2325\/revisions"}],"predecessor-version":[{"id":3327,"href":"https:\/\/www.treemania.eu\/nl\/wp-json\/wp\/v2\/pages\/2325\/revisions\/3327"}],"wp:attachment":[{"href":"https:\/\/www.treemania.eu\/nl\/wp-json\/wp\/v2\/media?parent=2325"}],"curies":[{"name":"wp","href":"https:\/\/api.w.org\/{rel}","templated":true}]}}